{"id":683,"date":"2024-01-16T08:14:46","date_gmt":"2024-01-16T07:14:46","guid":{"rendered":"https:\/\/kepzes.itk.ppke.hu\/molekularisbionika\/?page_id=683"},"modified":"2024-09-28T18:34:31","modified_gmt":"2024-09-28T16:34:31","slug":"pontszamitas","status":"publish","type":"page","link":"https:\/\/kepzes.itk.ppke.hu\/molekularisbionika\/pontszamitas\/","title":{"rendered":"Pontsz\u00e1m\u00edt\u00e1s"},"content":{"rendered":"\t\t<div data-elementor-type=\"wp-page\" data-elementor-id=\"683\" class=\"elementor elementor-683\">\n\t\t\t\t\t\t<section class=\"elementor-section elementor-top-section elementor-element elementor-element-2bf7c90 elementor-reverse-tablet elementor-reverse-mobile elementor-section-boxed elementor-section-height-default elementor-section-height-default\" data-id=\"2bf7c90\" data-element_type=\"section\" data-settings=\"{&quot;background_background&quot;:&quot;classic&quot;,&quot;shape_divider_bottom&quot;:&quot;curve&quot;,&quot;shape_divider_bottom_negative&quot;:&quot;yes&quot;}\">\n\t\t\t\t\t\t\t<div class=\"elementor-background-overlay\"><\/div>\n\t\t\t\t\t\t<div class=\"elementor-shape elementor-shape-bottom\" data-negative=\"true\">\n\t\t\t<svg xmlns=\"http:\/\/www.w3.org\/2000\/svg\" viewBox=\"0 0 1000 100\" preserveAspectRatio=\"none\">\n\t<path class=\"elementor-shape-fill\" d=\"M500,97C126.7,96.3,0.8,19.8,0,0v100l1000,0V1C1000,19.4,873.3,97.8,500,97z\"\/>\n<\/svg>\t\t<\/div>\n\t\t\t\t\t<div class=\"elementor-container elementor-column-gap-wider\">\n\t\t\t\t\t<div class=\"elementor-column elementor-col-50 elementor-top-column elementor-element elementor-element-d1c2e2b elementor-invisible\" data-id=\"d1c2e2b\" data-element_type=\"column\" data-settings=\"{&quot;background_background&quot;:&quot;classic&quot;,&quot;animation&quot;:&quot;fadeInLeft&quot;}\">\n\t\t\t<div class=\"elementor-widget-wrap elementor-element-populated\">\n\t\t\t\t\t<div class=\"elementor-background-overlay\"><\/div>\n\t\t\t\t\t\t<div class=\"elementor-element elementor-element-57d7c86 elementor-widget elementor-widget-image\" data-id=\"57d7c86\" data-element_type=\"widget\" data-widget_type=\"image.default\">\n\t\t\t\t<div class=\"elementor-widget-container\">\n\t\t\t<style>\/*! elementor - v3.23.0 - 25-07-2024 *\/\n.elementor-widget-image{text-align:center}.elementor-widget-image a{display:inline-block}.elementor-widget-image a img[src$=\".svg\"]{width:48px}.elementor-widget-image img{vertical-align:middle;display:inline-block}<\/style>\t\t\t\t\t\t\t\t\t\t<img fetchpriority=\"high\" decoding=\"async\" width=\"940\" height=\"788\" src=\"https:\/\/kepzes.itk.ppke.hu\/molekularisbionika\/wp-content\/uploads\/sites\/3\/2023\/10\/Bionika-BSc.png\" class=\"attachment-full size-full wp-image-537\" alt=\"\" srcset=\"https:\/\/kepzes.itk.ppke.hu\/molekularisbionika\/wp-content\/uploads\/sites\/3\/2023\/10\/Bionika-BSc.png 940w, https:\/\/kepzes.itk.ppke.hu\/molekularisbionika\/wp-content\/uploads\/sites\/3\/2023\/10\/Bionika-BSc-300x251.png 300w, https:\/\/kepzes.itk.ppke.hu\/molekularisbionika\/wp-content\/uploads\/sites\/3\/2023\/10\/Bionika-BSc-768x644.png 768w\" sizes=\"(max-width: 940px) 100vw, 940px\" \/>\t\t\t\t\t\t\t\t\t\t\t\t\t<\/div>\n\t\t\t\t<\/div>\n\t\t\t\t\t<\/div>\n\t\t<\/div>\n\t\t\t\t<div class=\"elementor-column elementor-col-50 elementor-top-column elementor-element elementor-element-6d93012 elementor-invisible\" data-id=\"6d93012\" data-element_type=\"column\" data-settings=\"{&quot;animation&quot;:&quot;fadeInRight&quot;}\">\n\t\t\t<div class=\"elementor-widget-wrap elementor-element-populated\">\n\t\t\t\t\t\t<div class=\"elementor-element elementor-element-6da2751 elementor-widget elementor-widget-heading\" data-id=\"6da2751\" data-element_type=\"widget\" data-widget_type=\"heading.default\">\n\t\t\t\t<div class=\"elementor-widget-container\">\n\t\t\t<style>\/*! elementor - v3.23.0 - 25-07-2024 *\/\n.elementor-heading-title{padding:0;margin:0;line-height:1}.elementor-widget-heading .elementor-heading-title[class*=elementor-size-]>a{color:inherit;font-size:inherit;line-height:inherit}.elementor-widget-heading .elementor-heading-title.elementor-size-small{font-size:15px}.elementor-widget-heading .elementor-heading-title.elementor-size-medium{font-size:19px}.elementor-widget-heading .elementor-heading-title.elementor-size-large{font-size:29px}.elementor-widget-heading .elementor-heading-title.elementor-size-xl{font-size:39px}.elementor-widget-heading .elementor-heading-title.elementor-size-xxl{font-size:59px}<\/style><h2 class=\"elementor-heading-title elementor-size-default\">pontsz\u00e1m\u00edt\u00f3<\/h2>\t\t<\/div>\n\t\t\t\t<\/div>\n\t\t\t\t<div class=\"elementor-element elementor-element-c3bf70e elementor-widget elementor-widget-heading\" data-id=\"c3bf70e\" data-element_type=\"widget\" data-widget_type=\"heading.default\">\n\t\t\t\t<div class=\"elementor-widget-container\">\n\t\t\t<h2 class=\"elementor-heading-title elementor-size-default\">kalkul\u00e1tor<\/h2>\t\t<\/div>\n\t\t\t\t<\/div>\n\t\t\t\t<section class=\"elementor-section elementor-inner-section elementor-element elementor-element-d2cdc46 elementor-section-boxed elementor-section-height-default elementor-section-height-default\" data-id=\"d2cdc46\" data-element_type=\"section\">\n\t\t\t\t\t\t<div class=\"elementor-container elementor-column-gap-default\">\n\t\t\t\t\t<div class=\"elementor-column elementor-col-100 elementor-inner-column elementor-element elementor-element-dec2ea1\" data-id=\"dec2ea1\" data-element_type=\"column\">\n\t\t\t<div class=\"elementor-widget-wrap\">\n\t\t\t\t\t\t\t<\/div>\n\t\t<\/div>\n\t\t\t\t\t<\/div>\n\t\t<\/section>\n\t\t\t\t\t<\/div>\n\t\t<\/div>\n\t\t\t\t\t<\/div>\n\t\t<\/section>\n\t\t\t\t<section class=\"elementor-section elementor-top-section elementor-element elementor-element-b5e0179 elementor-section-boxed elementor-section-height-default elementor-section-height-default\" data-id=\"b5e0179\" data-element_type=\"section\">\n\t\t\t\t\t\t<div class=\"elementor-container elementor-column-gap-default\">\n\t\t\t\t\t<div class=\"elementor-column elementor-col-100 elementor-top-column elementor-element elementor-element-b880798\" data-id=\"b880798\" data-element_type=\"column\">\n\t\t\t<div class=\"elementor-widget-wrap elementor-element-populated\">\n\t\t\t\t\t\t<div class=\"elementor-element elementor-element-f5970d2 elementor-widget elementor-widget-spacer\" data-id=\"f5970d2\" data-element_type=\"widget\" data-widget_type=\"spacer.default\">\n\t\t\t\t<div class=\"elementor-widget-container\">\n\t\t\t<style>\/*! elementor - v3.23.0 - 25-07-2024 *\/\n.elementor-column .elementor-spacer-inner{height:var(--spacer-size)}.e-con{--container-widget-width:100%}.e-con-inner>.elementor-widget-spacer,.e-con>.elementor-widget-spacer{width:var(--container-widget-width,var(--spacer-size));--align-self:var(--container-widget-align-self,initial);--flex-shrink:0}.e-con-inner>.elementor-widget-spacer>.elementor-widget-container,.e-con>.elementor-widget-spacer>.elementor-widget-container{height:100%;width:100%}.e-con-inner>.elementor-widget-spacer>.elementor-widget-container>.elementor-spacer,.e-con>.elementor-widget-spacer>.elementor-widget-container>.elementor-spacer{height:100%}.e-con-inner>.elementor-widget-spacer>.elementor-widget-container>.elementor-spacer>.elementor-spacer-inner,.e-con>.elementor-widget-spacer>.elementor-widget-container>.elementor-spacer>.elementor-spacer-inner{height:var(--container-widget-height,var(--spacer-size))}.e-con-inner>.elementor-widget-spacer.elementor-widget-empty,.e-con>.elementor-widget-spacer.elementor-widget-empty{position:relative;min-height:22px;min-width:22px}.e-con-inner>.elementor-widget-spacer.elementor-widget-empty .elementor-widget-empty-icon,.e-con>.elementor-widget-spacer.elementor-widget-empty .elementor-widget-empty-icon{position:absolute;top:0;bottom:0;left:0;right:0;margin:auto;padding:0;width:22px;height:22px}<\/style>\t\t<div class=\"elementor-spacer\">\n\t\t\t<div class=\"elementor-spacer-inner\"><\/div>\n\t\t<\/div>\n\t\t\t\t<\/div>\n\t\t\t\t<\/div>\n\t\t\t\t\t<\/div>\n\t\t<\/div>\n\t\t\t\t\t<\/div>\n\t\t<\/section>\n\t\t\t\t<section class=\"elementor-section elementor-top-section elementor-element elementor-element-c874550 elementor-section-boxed elementor-section-height-default elementor-section-height-default\" data-id=\"c874550\" data-element_type=\"section\">\n\t\t\t\t\t\t<div class=\"elementor-container elementor-column-gap-default\">\n\t\t\t\t\t<div class=\"elementor-column elementor-col-100 elementor-top-column elementor-element elementor-element-d00915d\" data-id=\"d00915d\" data-element_type=\"column\">\n\t\t\t<div class=\"elementor-widget-wrap elementor-element-populated\">\n\t\t\t\t\t\t<div class=\"elementor-element elementor-element-f5df4c7 elementor-widget elementor-widget-heading\" data-id=\"f5df4c7\" data-element_type=\"widget\" data-widget_type=\"heading.default\">\n\t\t\t\t<div class=\"elementor-widget-container\">\n\t\t\t<h2 class=\"elementor-heading-title elementor-size-default\">Sz\u00e1mold ki a pontjaidat!<\/h2>\t\t<\/div>\n\t\t\t\t<\/div>\n\t\t\t\t\t<\/div>\n\t\t<\/div>\n\t\t\t\t\t<\/div>\n\t\t<\/section>\n\t\t\t\t<section class=\"elementor-section elementor-top-section elementor-element elementor-element-b1b0927 elementor-section-boxed elementor-section-height-default elementor-section-height-default\" data-id=\"b1b0927\" data-element_type=\"section\">\n\t\t\t\t\t\t<div class=\"elementor-container elementor-column-gap-default\">\n\t\t\t\t\t<div class=\"elementor-column elementor-col-100 elementor-top-column elementor-element elementor-element-8b163a3\" data-id=\"8b163a3\" data-element_type=\"column\">\n\t\t\t<div class=\"elementor-widget-wrap elementor-element-populated\">\n\t\t\t\t\t\t<div class=\"elementor-element elementor-element-00603c2 elementor-widget elementor-widget-html\" data-id=\"00603c2\" data-element_type=\"widget\" data-widget_type=\"html.default\">\n\t\t\t\t<div class=\"elementor-widget-container\">\n\t\t\t<iframe style=\"border: none;\" src=\"https:\/\/contestsweb.itk.ppke.hu\/calculator\/calculator.php\" width=\"100%\" height=\"1500px\"><\/iframe>\t\t<\/div>\n\t\t\t\t<\/div>\n\t\t\t\t\t<\/div>\n\t\t<\/div>\n\t\t\t\t\t<\/div>\n\t\t<\/section>\n\t\t\t\t<section class=\"elementor-section elementor-top-section elementor-element elementor-element-8633afd elementor-section-boxed elementor-section-height-default elementor-section-height-default\" data-id=\"8633afd\" data-element_type=\"section\">\n\t\t\t\t\t\t<div class=\"elementor-container elementor-column-gap-default\">\n\t\t\t\t\t<div class=\"elementor-column elementor-col-100 elementor-top-column elementor-element elementor-element-9421db0\" data-id=\"9421db0\" data-element_type=\"column\">\n\t\t\t<div class=\"elementor-widget-wrap elementor-element-populated\">\n\t\t\t\t\t\t<div class=\"elementor-element elementor-element-d173834 elementor-align-center elementor-widget elementor-widget-button\" data-id=\"d173834\" data-element_type=\"widget\" data-widget_type=\"button.default\">\n\t\t\t\t<div class=\"elementor-widget-container\">\n\t\t\t\t\t<div class=\"elementor-button-wrapper\">\n\t\t\t<a class=\"elementor-button elementor-button-link elementor-size-xl elementor-animation-grow\" href=\"https:\/\/itk.ppke.hu\/pontszamitas-alapkepzes\" target=\"_blank\">\n\t\t\t\t\t\t<span class=\"elementor-button-content-wrapper\">\n\t\t\t\t\t\t\t\t\t<span class=\"elementor-button-text\">A pontsz\u00e1m\u00edt\u00e1s pontos szab\u00e1lyai\u00e9rt l\u00e1togasd meg a P\u00e1zm\u00e1ny ITK honlapj\u00e1t!<\/span>\n\t\t\t\t\t<\/span>\n\t\t\t\t\t<\/a>\n\t\t<\/div>\n\t\t\t\t<\/div>\n\t\t\t\t<\/div>\n\t\t\t\t\t<\/div>\n\t\t<\/div>\n\t\t\t\t\t<\/div>\n\t\t<\/section>\n\t\t\t\t<\/div>\n\t\t","protected":false},"excerpt":{"rendered":"<p>pontsz\u00e1m\u00edt\u00f3 kalkul\u00e1tor Sz\u00e1mold ki a pontjaidat! A pontsz\u00e1m\u00edt\u00e1s pontos szab\u00e1lyai\u00e9rt l\u00e1togasd meg a P\u00e1zm\u00e1ny ITK honlapj\u00e1t!<\/p>\n","protected":false},"author":2,"featured_media":0,"parent":0,"menu_order":0,"comment_status":"closed","ping_status":"closed","template":"elementor_header_footer","meta":{"advgb_blocks_editor_width":"","advgb_blocks_columns_visual_guide":"","_monsterinsights_skip_tracking":false,"_monsterinsights_sitenote_active":false,"_monsterinsights_sitenote_note":"","_monsterinsights_sitenote_category":0,"_uf_show_specific_survey":0,"_uf_disable_surveys":false,"footnotes":""},"class_list":["post-683","page","type-page","status-publish","hentry"],"yoast_head":"<!-- This site is optimized with the Yoast SEO plugin v23.1 - https:\/\/yoast.com\/wordpress\/plugins\/seo\/ -->\n<title>L\u00e9gy n\u00e9lk\u00fcl\u00f6zhetetlen a j\u00f6v\u0151t form\u00e1l\u00f3 ipar\u00e1gakban!<\/title>\n<meta name=\"description\" content=\"H\u00e9t f\u00e9l\u00e9ves alapk\u00e9pz\u00e9s, az itt szerzett diploma bel\u00e9p\u0151 t\u00f6bbek k\u00f6zt a sz\u00e1m\u00edt\u00f3g\u00e9ppel t\u00e1mogatott orvosl\u00e1s vil\u00e1g\u00e1ba is.\" \/>\n<meta name=\"robots\" content=\"index, follow, max-snippet:-1, max-image-preview:large, max-video-preview:-1\" \/>\n<link rel=\"canonical\" href=\"https:\/\/kepzes.itk.ppke.hu\/molekularisbionika\/pontszamitas\/\" \/>\n<meta property=\"og:locale\" content=\"hu_HU\" \/>\n<meta property=\"og:type\" content=\"article\" \/>\n<meta property=\"og:title\" content=\"Molekul\u00e1ris bionika BSc\" \/>\n<meta property=\"og:description\" content=\"Bel\u00e9p\u0151 a 21. sz\u00e1zad kutat\u00e1s-fejleszt\u00e9s\u00e9be.\" \/>\n<meta property=\"og:url\" content=\"https:\/\/kepzes.itk.ppke.hu\/molekularisbionika\/pontszamitas\/\" \/>\n<meta property=\"og:site_name\" content=\"Molekul\u00e1ris Bionika M\u00e9rn\u00f6ki BSc\" \/>\n<meta property=\"article:publisher\" content=\"https:\/\/www.facebook.com\/ppkeitk\" \/>\n<meta property=\"article:modified_time\" content=\"2024-09-28T16:34:31+00:00\" \/>\n<meta property=\"og:image\" content=\"https:\/\/kepzes.itk.ppke.hu\/molekularisbionika\/wp-content\/uploads\/sites\/3\/2023\/11\/MB_BSc.png\" \/>\n\t<meta property=\"og:image:width\" content=\"940\" \/>\n\t<meta property=\"og:image:height\" content=\"788\" \/>\n\t<meta property=\"og:image:type\" content=\"image\/png\" \/>\n<meta name=\"twitter:card\" content=\"summary_large_image\" \/>\n<meta name=\"twitter:label1\" content=\"Becs\u00fclt olvas\u00e1si id\u0151\" \/>\n\t<meta name=\"twitter:data1\" content=\"1 perc\" \/>\n<script type=\"application\/ld+json\" class=\"yoast-schema-graph\">{\"@context\":\"https:\/\/schema.org\",\"@graph\":[{\"@type\":\"WebPage\",\"@id\":\"https:\/\/kepzes.itk.ppke.hu\/molekularisbionika\/pontszamitas\/\",\"url\":\"https:\/\/kepzes.itk.ppke.hu\/molekularisbionika\/pontszamitas\/\",\"name\":\"L\u00e9gy n\u00e9lk\u00fcl\u00f6zhetetlen a j\u00f6v\u0151t form\u00e1l\u00f3 ipar\u00e1gakban!\",\"isPartOf\":{\"@id\":\"https:\/\/kepzes.itk.ppke.hu\/molekularisbionika\/#website\"},\"primaryImageOfPage\":{\"@id\":\"https:\/\/kepzes.itk.ppke.hu\/molekularisbionika\/pontszamitas\/#primaryimage\"},\"image\":{\"@id\":\"https:\/\/kepzes.itk.ppke.hu\/molekularisbionika\/pontszamitas\/#primaryimage\"},\"thumbnailUrl\":\"https:\/\/kepzes.itk.ppke.hu\/molekularisbionika\/wp-content\/uploads\/sites\/3\/2023\/10\/Bionika-BSc.png\",\"datePublished\":\"2024-01-16T07:14:46+00:00\",\"dateModified\":\"2024-09-28T16:34:31+00:00\",\"description\":\"H\u00e9t f\u00e9l\u00e9ves alapk\u00e9pz\u00e9s, az itt szerzett diploma bel\u00e9p\u0151 t\u00f6bbek k\u00f6zt a sz\u00e1m\u00edt\u00f3g\u00e9ppel t\u00e1mogatott orvosl\u00e1s vil\u00e1g\u00e1ba is.\",\"breadcrumb\":{\"@id\":\"https:\/\/kepzes.itk.ppke.hu\/molekularisbionika\/pontszamitas\/#breadcrumb\"},\"inLanguage\":\"hu\",\"potentialAction\":[{\"@type\":\"ReadAction\",\"target\":[\"https:\/\/kepzes.itk.ppke.hu\/molekularisbionika\/pontszamitas\/\"]}]},{\"@type\":\"ImageObject\",\"inLanguage\":\"hu\",\"@id\":\"https:\/\/kepzes.itk.ppke.hu\/molekularisbionika\/pontszamitas\/#primaryimage\",\"url\":\"https:\/\/kepzes.itk.ppke.hu\/molekularisbionika\/wp-content\/uploads\/sites\/3\/2023\/10\/Bionika-BSc.png\",\"contentUrl\":\"https:\/\/kepzes.itk.ppke.hu\/molekularisbionika\/wp-content\/uploads\/sites\/3\/2023\/10\/Bionika-BSc.png\",\"width\":940,\"height\":788},{\"@type\":\"BreadcrumbList\",\"@id\":\"https:\/\/kepzes.itk.ppke.hu\/molekularisbionika\/pontszamitas\/#breadcrumb\",\"itemListElement\":[{\"@type\":\"ListItem\",\"position\":1,\"name\":\"Kezd\u0151lap\",\"item\":\"https:\/\/kepzes.itk.ppke.hu\/molekularisbionika\/\"},{\"@type\":\"ListItem\",\"position\":2,\"name\":\"Pontsz\u00e1m\u00edt\u00e1s\"}]},{\"@type\":\"WebSite\",\"@id\":\"https:\/\/kepzes.itk.ppke.hu\/molekularisbionika\/#website\",\"url\":\"https:\/\/kepzes.itk.ppke.hu\/molekularisbionika\/\",\"name\":\"Molekul\u00e1ris Bionika M\u00e9rn\u00f6ki BSc\",\"description\":\"\",\"publisher\":{\"@id\":\"https:\/\/kepzes.itk.ppke.hu\/molekularisbionika\/#organization\"},\"potentialAction\":[{\"@type\":\"SearchAction\",\"target\":{\"@type\":\"EntryPoint\",\"urlTemplate\":\"https:\/\/kepzes.itk.ppke.hu\/molekularisbionika\/?s={search_term_string}\"},\"query-input\":\"required name=search_term_string\"}],\"inLanguage\":\"hu\"},{\"@type\":\"Organization\",\"@id\":\"https:\/\/kepzes.itk.ppke.hu\/molekularisbionika\/#organization\",\"name\":\"Molekul\u00e1ris Bionika M\u00e9rn\u00f6ki BSc\",\"url\":\"https:\/\/kepzes.itk.ppke.hu\/molekularisbionika\/\",\"logo\":{\"@type\":\"ImageObject\",\"inLanguage\":\"hu\",\"@id\":\"https:\/\/kepzes.itk.ppke.hu\/molekularisbionika\/#\/schema\/logo\/image\/\",\"url\":\"https:\/\/kepzes.itk.ppke.hu\/molekularisbionika\/wp-content\/uploads\/sites\/3\/2023\/10\/PAZMANY-ITK-17_balrazart_webes_magy_neg.png\",\"contentUrl\":\"https:\/\/kepzes.itk.ppke.hu\/molekularisbionika\/wp-content\/uploads\/sites\/3\/2023\/10\/PAZMANY-ITK-17_balrazart_webes_magy_neg.png\",\"width\":1957,\"height\":393,\"caption\":\"Molekul\u00e1ris Bionika M\u00e9rn\u00f6ki BSc\"},\"image\":{\"@id\":\"https:\/\/kepzes.itk.ppke.hu\/molekularisbionika\/#\/schema\/logo\/image\/\"},\"sameAs\":[\"https:\/\/www.facebook.com\/ppkeitk\",\"https:\/\/www.instagram.com\/ppkeitk\/\",\"https:\/\/www.youtube.com\/@pazmanyitk\",\"https:\/\/www.tiktok.com\/@ppkeitk\"]}]}<\/script>\n<!-- \/ Yoast SEO plugin. -->","yoast_head_json":{"title":"L\u00e9gy n\u00e9lk\u00fcl\u00f6zhetetlen a j\u00f6v\u0151t form\u00e1l\u00f3 ipar\u00e1gakban!","description":"H\u00e9t f\u00e9l\u00e9ves alapk\u00e9pz\u00e9s, az itt szerzett diploma bel\u00e9p\u0151 t\u00f6bbek k\u00f6zt a sz\u00e1m\u00edt\u00f3g\u00e9ppel t\u00e1mogatott orvosl\u00e1s vil\u00e1g\u00e1ba is.","robots":{"index":"index","follow":"follow","max-snippet":"max-snippet:-1","max-image-preview":"max-image-preview:large","max-video-preview":"max-video-preview:-1"},"canonical":"https:\/\/kepzes.itk.ppke.hu\/molekularisbionika\/pontszamitas\/","og_locale":"hu_HU","og_type":"article","og_title":"Molekul\u00e1ris bionika BSc","og_description":"Bel\u00e9p\u0151 a 21. sz\u00e1zad kutat\u00e1s-fejleszt\u00e9s\u00e9be.","og_url":"https:\/\/kepzes.itk.ppke.hu\/molekularisbionika\/pontszamitas\/","og_site_name":"Molekul\u00e1ris Bionika M\u00e9rn\u00f6ki BSc","article_publisher":"https:\/\/www.facebook.com\/ppkeitk","article_modified_time":"2024-09-28T16:34:31+00:00","og_image":[{"width":940,"height":788,"url":"https:\/\/kepzes.itk.ppke.hu\/molekularisbionika\/wp-content\/uploads\/sites\/3\/2023\/11\/MB_BSc.png","type":"image\/png"}],"twitter_card":"summary_large_image","twitter_misc":{"Becs\u00fclt olvas\u00e1si id\u0151":"1 perc"},"schema":{"@context":"https:\/\/schema.org","@graph":[{"@type":"WebPage","@id":"https:\/\/kepzes.itk.ppke.hu\/molekularisbionika\/pontszamitas\/","url":"https:\/\/kepzes.itk.ppke.hu\/molekularisbionika\/pontszamitas\/","name":"L\u00e9gy n\u00e9lk\u00fcl\u00f6zhetetlen a j\u00f6v\u0151t form\u00e1l\u00f3 ipar\u00e1gakban!","isPartOf":{"@id":"https:\/\/kepzes.itk.ppke.hu\/molekularisbionika\/#website"},"primaryImageOfPage":{"@id":"https:\/\/kepzes.itk.ppke.hu\/molekularisbionika\/pontszamitas\/#primaryimage"},"image":{"@id":"https:\/\/kepzes.itk.ppke.hu\/molekularisbionika\/pontszamitas\/#primaryimage"},"thumbnailUrl":"https:\/\/kepzes.itk.ppke.hu\/molekularisbionika\/wp-content\/uploads\/sites\/3\/2023\/10\/Bionika-BSc.png","datePublished":"2024-01-16T07:14:46+00:00","dateModified":"2024-09-28T16:34:31+00:00","description":"H\u00e9t f\u00e9l\u00e9ves alapk\u00e9pz\u00e9s, az itt szerzett diploma bel\u00e9p\u0151 t\u00f6bbek k\u00f6zt a sz\u00e1m\u00edt\u00f3g\u00e9ppel t\u00e1mogatott orvosl\u00e1s vil\u00e1g\u00e1ba is.","breadcrumb":{"@id":"https:\/\/kepzes.itk.ppke.hu\/molekularisbionika\/pontszamitas\/#breadcrumb"},"inLanguage":"hu","potentialAction":[{"@type":"ReadAction","target":["https:\/\/kepzes.itk.ppke.hu\/molekularisbionika\/pontszamitas\/"]}]},{"@type":"ImageObject","inLanguage":"hu","@id":"https:\/\/kepzes.itk.ppke.hu\/molekularisbionika\/pontszamitas\/#primaryimage","url":"https:\/\/kepzes.itk.ppke.hu\/molekularisbionika\/wp-content\/uploads\/sites\/3\/2023\/10\/Bionika-BSc.png","contentUrl":"https:\/\/kepzes.itk.ppke.hu\/molekularisbionika\/wp-content\/uploads\/sites\/3\/2023\/10\/Bionika-BSc.png","width":940,"height":788},{"@type":"BreadcrumbList","@id":"https:\/\/kepzes.itk.ppke.hu\/molekularisbionika\/pontszamitas\/#breadcrumb","itemListElement":[{"@type":"ListItem","position":1,"name":"Kezd\u0151lap","item":"https:\/\/kepzes.itk.ppke.hu\/molekularisbionika\/"},{"@type":"ListItem","position":2,"name":"Pontsz\u00e1m\u00edt\u00e1s"}]},{"@type":"WebSite","@id":"https:\/\/kepzes.itk.ppke.hu\/molekularisbionika\/#website","url":"https:\/\/kepzes.itk.ppke.hu\/molekularisbionika\/","name":"Molekul\u00e1ris Bionika M\u00e9rn\u00f6ki BSc","description":"","publisher":{"@id":"https:\/\/kepzes.itk.ppke.hu\/molekularisbionika\/#organization"},"potentialAction":[{"@type":"SearchAction","target":{"@type":"EntryPoint","urlTemplate":"https:\/\/kepzes.itk.ppke.hu\/molekularisbionika\/?s={search_term_string}"},"query-input":"required name=search_term_string"}],"inLanguage":"hu"},{"@type":"Organization","@id":"https:\/\/kepzes.itk.ppke.hu\/molekularisbionika\/#organization","name":"Molekul\u00e1ris Bionika M\u00e9rn\u00f6ki BSc","url":"https:\/\/kepzes.itk.ppke.hu\/molekularisbionika\/","logo":{"@type":"ImageObject","inLanguage":"hu","@id":"https:\/\/kepzes.itk.ppke.hu\/molekularisbionika\/#\/schema\/logo\/image\/","url":"https:\/\/kepzes.itk.ppke.hu\/molekularisbionika\/wp-content\/uploads\/sites\/3\/2023\/10\/PAZMANY-ITK-17_balrazart_webes_magy_neg.png","contentUrl":"https:\/\/kepzes.itk.ppke.hu\/molekularisbionika\/wp-content\/uploads\/sites\/3\/2023\/10\/PAZMANY-ITK-17_balrazart_webes_magy_neg.png","width":1957,"height":393,"caption":"Molekul\u00e1ris Bionika M\u00e9rn\u00f6ki BSc"},"image":{"@id":"https:\/\/kepzes.itk.ppke.hu\/molekularisbionika\/#\/schema\/logo\/image\/"},"sameAs":["https:\/\/www.facebook.com\/ppkeitk","https:\/\/www.instagram.com\/ppkeitk\/","https:\/\/www.youtube.com\/@pazmanyitk","https:\/\/www.tiktok.com\/@ppkeitk"]}]}},"coauthors":[],"author_meta":{"author_link":"https:\/\/kepzes.itk.ppke.hu\/molekularisbionika\/author\/","display_name":""},"relative_dates":{"created":"Posted 2 \u00e9v ago","modified":"Updated 2 \u00e9v ago"},"absolute_dates":{"created":"Posted on 2024.01.16.","modified":"Updated on 2024.09.28."},"absolute_dates_time":{"created":"Posted on 2024.01.16. 08:14","modified":"Updated on 2024.09.28. 18:34"},"featured_img_caption":"","featured_img":false,"series_order":"","_links":{"self":[{"href":"https:\/\/kepzes.itk.ppke.hu\/molekularisbionika\/wp-json\/wp\/v2\/pages\/683","targetHints":{"allow":["GET"]}}],"collection":[{"href":"https:\/\/kepzes.itk.ppke.hu\/molekularisbionika\/wp-json\/wp\/v2\/pages"}],"about":[{"href":"https:\/\/kepzes.itk.ppke.hu\/molekularisbionika\/wp-json\/wp\/v2\/types\/page"}],"author":[{"embeddable":true,"href":"https:\/\/kepzes.itk.ppke.hu\/molekularisbionika\/wp-json\/wp\/v2\/users\/2"}],"replies":[{"embeddable":true,"href":"https:\/\/kepzes.itk.ppke.hu\/molekularisbionika\/wp-json\/wp\/v2\/comments?post=683"}],"version-history":[{"count":0,"href":"https:\/\/kepzes.itk.ppke.hu\/molekularisbionika\/wp-json\/wp\/v2\/pages\/683\/revisions"}],"wp:attachment":[{"href":"https:\/\/kepzes.itk.ppke.hu\/molekularisbionika\/wp-json\/wp\/v2\/media?parent=683"}],"curies":[{"name":"wp","href":"https:\/\/api.w.org\/{rel}","templated":true}]}}