{"id":264,"date":"2024-08-01T20:59:17","date_gmt":"2024-08-01T20:59:17","guid":{"rendered":"https:\/\/kepzes.itk.ppke.hu\/htb\/?page_id=264"},"modified":"2024-08-01T21:07:48","modified_gmt":"2024-08-01T21:07:48","slug":"privacy-policy","status":"publish","type":"page","link":"https:\/\/kepzes.itk.ppke.hu\/htb\/privacy-policy\/","title":{"rendered":"Privacy Policy"},"content":{"rendered":"\t\t<div data-elementor-type=\"wp-post\" data-elementor-id=\"264\" class=\"elementor elementor-264\">\n\t\t\t\t\t\t<section class=\"elementor-section elementor-top-section elementor-element elementor-element-1f0e95b elementor-reverse-tablet elementor-reverse-mobile elementor-section-stretched elementor-section-boxed elementor-section-height-default elementor-section-height-default\" data-id=\"1f0e95b\" data-element_type=\"section\" data-settings=\"{&quot;background_background&quot;:&quot;slideshow&quot;,&quot;shape_divider_bottom&quot;:&quot;curve&quot;,&quot;shape_divider_bottom_negative&quot;:&quot;yes&quot;,&quot;stretch_section&quot;:&quot;section-stretched&quot;,&quot;background_slideshow_gallery&quot;:[{&quot;id&quot;:&quot;89&quot;,&quot;url&quot;:&quot;https:\\\/\\\/kepzes.itk.ppke.hu\\\/htb\\\/wp-content\\\/uploads\\\/sites\\\/18\\\/2024\\\/07\\\/Bacground_Freepik_2.png&quot;}],&quot;background_slideshow_loop&quot;:&quot;yes&quot;,&quot;background_slideshow_slide_duration&quot;:5000,&quot;background_slideshow_slide_transition&quot;:&quot;fade&quot;,&quot;background_slideshow_transition_duration&quot;:500}\">\n\t\t\t\t\t\t\t<div class=\"elementor-background-overlay\"><\/div>\n\t\t\t\t\t\t<div class=\"elementor-shape elementor-shape-bottom\" data-negative=\"true\">\n\t\t\t<svg xmlns=\"http:\/\/www.w3.org\/2000\/svg\" viewBox=\"0 0 1000 100\" preserveAspectRatio=\"none\">\n\t<path class=\"elementor-shape-fill\" d=\"M500,97C126.7,96.3,0.8,19.8,0,0v100l1000,0V1C1000,19.4,873.3,97.8,500,97z\"\/>\n<\/svg>\t\t<\/div>\n\t\t\t\t\t<div class=\"elementor-container elementor-column-gap-wider\">\n\t\t\t\t\t<div class=\"elementor-column elementor-col-100 elementor-top-column elementor-element elementor-element-c7a8b4e\" data-id=\"c7a8b4e\" data-element_type=\"column\">\n\t\t\t<div class=\"elementor-widget-wrap elementor-element-populated\">\n\t\t\t\t\t\t<div class=\"elementor-element elementor-element-3137693 elementor-widget elementor-widget-heading\" data-id=\"3137693\" data-element_type=\"widget\" data-widget_type=\"heading.default\">\n\t\t\t\t<div class=\"elementor-widget-container\">\n\t\t\t<style>\/*! elementor - v3.23.0 - 25-07-2024 *\/\n.elementor-heading-title{padding:0;margin:0;line-height:1}.elementor-widget-heading .elementor-heading-title[class*=elementor-size-]>a{color:inherit;font-size:inherit;line-height:inherit}.elementor-widget-heading .elementor-heading-title.elementor-size-small{font-size:15px}.elementor-widget-heading .elementor-heading-title.elementor-size-medium{font-size:19px}.elementor-widget-heading .elementor-heading-title.elementor-size-large{font-size:29px}.elementor-widget-heading .elementor-heading-title.elementor-size-xl{font-size:39px}.elementor-widget-heading .elementor-heading-title.elementor-size-xxl{font-size:59px}<\/style><h2 class=\"elementor-heading-title elementor-size-default\">Privacy Policy<\/h2>\t\t<\/div>\n\t\t\t\t<\/div>\n\t\t\t\t\t<\/div>\n\t\t<\/div>\n\t\t\t\t\t<\/div>\n\t\t<\/section>\n\t\t\t\t<section class=\"elementor-section elementor-top-section elementor-element elementor-element-24417a5 elementor-section-stretched elementor-section-boxed elementor-section-height-default elementor-section-height-default\" data-id=\"24417a5\" data-element_type=\"section\" data-settings=\"{&quot;background_background&quot;:&quot;classic&quot;,&quot;stretch_section&quot;:&quot;section-stretched&quot;}\">\n\t\t\t\t\t\t\t<div class=\"elementor-background-overlay\"><\/div>\n\t\t\t\t\t\t\t<div class=\"elementor-container elementor-column-gap-wider\">\n\t\t\t\t\t<div class=\"elementor-column elementor-col-100 elementor-top-column elementor-element elementor-element-0cf767d\" data-id=\"0cf767d\" data-element_type=\"column\">\n\t\t\t<div class=\"elementor-widget-wrap elementor-element-populated\">\n\t\t\t\t\t\t<div class=\"elementor-element elementor-element-2b4e3fc elementor-widget elementor-widget-html\" data-id=\"2b4e3fc\" data-element_type=\"widget\" data-widget_type=\"html.default\">\n\t\t\t\t<div class=\"elementor-widget-container\">\n\t\t\t<p>\r\n<b>Data Collection and Use<\/b>: We collect and use the information provided on application form solely for the purposes for registering applications to the program.\r\nAnonymous data is collected to analyze campaign performance. All data is securely stored and not shared with third parties.\r\n<\/p>\r\n\r\n<p>\r\n<b>Your Rights<\/b> <\/p>\r\n\r\n<li>You can request information on the data we process and how it is used.<\/li>\r\n<li>You can request corrections or deletions of your data.<\/li>\r\n<li>You can withdraw your consent for data processing anytime.<\/li>\r\n\r\n<p>\r\n<b>Contact<\/b>: P\u00e1zm\u00e1ny P\u00e9ter Catholic University, Faculy of Information Technology And Bionics<br\/>\r\n<b>Email<\/b>: htb@itk.ppke.hu\r\n<\/p>\r\n\r\n<p><a href=\"https:\/\/ppke.hu\/en\">Further information<\/a><\/p>\t\t<\/div>\n\t\t\t\t<\/div>\n\t\t\t\t\t<\/div>\n\t\t<\/div>\n\t\t\t\t\t<\/div>\n\t\t<\/section>\n\t\t\t\t<\/div>\n\t\t","protected":false},"excerpt":{"rendered":"<p>Privacy Policy Data Collection and Use: We collect and use the information provided on application form solely for the purposes for registering applications to the program. Anonymous data is collected [&hellip;]<\/p>\n","protected":false},"author":1,"featured_media":87,"parent":0,"menu_order":0,"comment_status":"closed","ping_status":"closed","template":"elementor_header_footer","meta":{"_eb_attr":"","advgb_blocks_editor_width":"","advgb_blocks_columns_visual_guide":"","_monsterinsights_skip_tracking":false,"_monsterinsights_sitenote_active":false,"_monsterinsights_sitenote_note":"","_monsterinsights_sitenote_category":0,"_uf_show_specific_survey":0,"_uf_disable_surveys":false,"footnotes":""},"class_list":["post-264","page","type-page","status-publish","has-post-thumbnail","hentry"],"yoast_head":"<!-- This site is optimized with the Yoast SEO plugin v23.1 - https:\/\/yoast.com\/wordpress\/plugins\/seo\/ -->\n<title>Privacy Policy - High-Throughput Biology<\/title>\n<meta name=\"description\" content=\"Be at the forefront of modern biology and join our Postgraduate Degree Program (PgCert) in High Throughput Biology. Deepen your understanding of Laboratory Automation, Microscopy, Bioanalytics, Data Science, Genomics, Omics based methods, and Bioinformatics.\" \/>\n<meta name=\"robots\" content=\"index, follow, max-snippet:-1, max-image-preview:large, max-video-preview:-1\" \/>\n<link rel=\"canonical\" href=\"https:\/\/kepzes.itk.ppke.hu\/htb\/privacy-policy\/\" \/>\n<meta property=\"og:locale\" content=\"en_US\" \/>\n<meta property=\"og:type\" content=\"article\" \/>\n<meta property=\"og:title\" content=\"Privacy Policy - High-Throughput Biology\" \/>\n<meta property=\"og:description\" content=\"Be at the forefront of modern biology and join our Postgraduate Degree Program (PgCert) in High Throughput Biology. Deepen your understanding of Laboratory Automation, Microscopy, Bioanalytics, Data Science, Genomics, Omics based methods, and Bioinformatics.\" \/>\n<meta property=\"og:url\" content=\"https:\/\/kepzes.itk.ppke.hu\/htb\/privacy-policy\/\" \/>\n<meta property=\"og:site_name\" content=\"High-Throughput Biology\" \/>\n<meta property=\"article:modified_time\" content=\"2024-08-01T21:07:48+00:00\" \/>\n<meta property=\"og:image\" content=\"https:\/\/kepzes.itk.ppke.hu\/htb\/wp-content\/uploads\/sites\/18\/2024\/07\/louis-reed-pwcKF7L4-no-unsplash-1.jpg\" \/>\n\t<meta property=\"og:image:width\" content=\"1920\" \/>\n\t<meta property=\"og:image:height\" content=\"1280\" \/>\n\t<meta property=\"og:image:type\" content=\"image\/jpeg\" \/>\n<meta name=\"twitter:card\" content=\"summary_large_image\" \/>\n<meta name=\"twitter:label1\" content=\"Est. reading time\" \/>\n\t<meta name=\"twitter:data1\" content=\"1 minute\" \/>\n<script type=\"application\/ld+json\" class=\"yoast-schema-graph\">{\"@context\":\"https:\/\/schema.org\",\"@graph\":[{\"@type\":\"WebPage\",\"@id\":\"https:\/\/kepzes.itk.ppke.hu\/htb\/privacy-policy\/\",\"url\":\"https:\/\/kepzes.itk.ppke.hu\/htb\/privacy-policy\/\",\"name\":\"Privacy Policy - High-Throughput Biology\",\"isPartOf\":{\"@id\":\"https:\/\/kepzes.itk.ppke.hu\/htb\/#website\"},\"primaryImageOfPage\":{\"@id\":\"https:\/\/kepzes.itk.ppke.hu\/htb\/privacy-policy\/#primaryimage\"},\"image\":{\"@id\":\"https:\/\/kepzes.itk.ppke.hu\/htb\/privacy-policy\/#primaryimage\"},\"thumbnailUrl\":\"https:\/\/kepzes.itk.ppke.hu\/htb\/wp-content\/uploads\/sites\/18\/2024\/07\/louis-reed-pwcKF7L4-no-unsplash-1.jpg\",\"datePublished\":\"2024-08-01T20:59:17+00:00\",\"dateModified\":\"2024-08-01T21:07:48+00:00\",\"description\":\"Be at the forefront of modern biology and join our Postgraduate Degree Program (PgCert) in High Throughput Biology. Deepen your understanding of Laboratory Automation, Microscopy, Bioanalytics, Data Science, Genomics, Omics based methods, and Bioinformatics.\",\"breadcrumb\":{\"@id\":\"https:\/\/kepzes.itk.ppke.hu\/htb\/privacy-policy\/#breadcrumb\"},\"inLanguage\":\"en-US\",\"potentialAction\":[{\"@type\":\"ReadAction\",\"target\":[\"https:\/\/kepzes.itk.ppke.hu\/htb\/privacy-policy\/\"]}]},{\"@type\":\"ImageObject\",\"inLanguage\":\"en-US\",\"@id\":\"https:\/\/kepzes.itk.ppke.hu\/htb\/privacy-policy\/#primaryimage\",\"url\":\"https:\/\/kepzes.itk.ppke.hu\/htb\/wp-content\/uploads\/sites\/18\/2024\/07\/louis-reed-pwcKF7L4-no-unsplash-1.jpg\",\"contentUrl\":\"https:\/\/kepzes.itk.ppke.hu\/htb\/wp-content\/uploads\/sites\/18\/2024\/07\/louis-reed-pwcKF7L4-no-unsplash-1.jpg\",\"width\":1920,\"height\":1280},{\"@type\":\"BreadcrumbList\",\"@id\":\"https:\/\/kepzes.itk.ppke.hu\/htb\/privacy-policy\/#breadcrumb\",\"itemListElement\":[{\"@type\":\"ListItem\",\"position\":1,\"name\":\"Home\",\"item\":\"https:\/\/kepzes.itk.ppke.hu\/htb\/\"},{\"@type\":\"ListItem\",\"position\":2,\"name\":\"Privacy Policy\"}]},{\"@type\":\"WebSite\",\"@id\":\"https:\/\/kepzes.itk.ppke.hu\/htb\/#website\",\"url\":\"https:\/\/kepzes.itk.ppke.hu\/htb\/\",\"name\":\"High-Throughput Biology\",\"description\":\"\",\"publisher\":{\"@id\":\"https:\/\/kepzes.itk.ppke.hu\/htb\/#organization\"},\"potentialAction\":[{\"@type\":\"SearchAction\",\"target\":{\"@type\":\"EntryPoint\",\"urlTemplate\":\"https:\/\/kepzes.itk.ppke.hu\/htb\/?s={search_term_string}\"},\"query-input\":\"required name=search_term_string\"}],\"inLanguage\":\"en-US\"},{\"@type\":\"Organization\",\"@id\":\"https:\/\/kepzes.itk.ppke.hu\/htb\/#organization\",\"name\":\"High-Throughput Biology\",\"url\":\"https:\/\/kepzes.itk.ppke.hu\/htb\/\",\"logo\":{\"@type\":\"ImageObject\",\"inLanguage\":\"en-US\",\"@id\":\"https:\/\/kepzes.itk.ppke.hu\/htb\/#\/schema\/logo\/image\/\",\"url\":\"https:\/\/kepzes.itk.ppke.hu\/htb\/wp-content\/uploads\/sites\/18\/2025\/05\/cropped-PAZMANY_ITKlogopreview.png\",\"contentUrl\":\"https:\/\/kepzes.itk.ppke.hu\/htb\/wp-content\/uploads\/sites\/18\/2025\/05\/cropped-PAZMANY_ITKlogopreview.png\",\"width\":1076,\"height\":232,\"caption\":\"High-Throughput Biology\"},\"image\":{\"@id\":\"https:\/\/kepzes.itk.ppke.hu\/htb\/#\/schema\/logo\/image\/\"}}]}<\/script>\n<!-- \/ Yoast SEO plugin. -->","yoast_head_json":{"title":"Privacy Policy - High-Throughput Biology","description":"Be at the forefront of modern biology and join our Postgraduate Degree Program (PgCert) in High Throughput Biology. Deepen your understanding of Laboratory Automation, Microscopy, Bioanalytics, Data Science, Genomics, Omics based methods, and Bioinformatics.","robots":{"index":"index","follow":"follow","max-snippet":"max-snippet:-1","max-image-preview":"max-image-preview:large","max-video-preview":"max-video-preview:-1"},"canonical":"https:\/\/kepzes.itk.ppke.hu\/htb\/privacy-policy\/","og_locale":"en_US","og_type":"article","og_title":"Privacy Policy - High-Throughput Biology","og_description":"Be at the forefront of modern biology and join our Postgraduate Degree Program (PgCert) in High Throughput Biology. Deepen your understanding of Laboratory Automation, Microscopy, Bioanalytics, Data Science, Genomics, Omics based methods, and Bioinformatics.","og_url":"https:\/\/kepzes.itk.ppke.hu\/htb\/privacy-policy\/","og_site_name":"High-Throughput Biology","article_modified_time":"2024-08-01T21:07:48+00:00","og_image":[{"width":1920,"height":1280,"url":"https:\/\/kepzes.itk.ppke.hu\/htb\/wp-content\/uploads\/sites\/18\/2024\/07\/louis-reed-pwcKF7L4-no-unsplash-1.jpg","type":"image\/jpeg"}],"twitter_card":"summary_large_image","twitter_misc":{"Est. reading time":"1 minute"},"schema":{"@context":"https:\/\/schema.org","@graph":[{"@type":"WebPage","@id":"https:\/\/kepzes.itk.ppke.hu\/htb\/privacy-policy\/","url":"https:\/\/kepzes.itk.ppke.hu\/htb\/privacy-policy\/","name":"Privacy Policy - High-Throughput Biology","isPartOf":{"@id":"https:\/\/kepzes.itk.ppke.hu\/htb\/#website"},"primaryImageOfPage":{"@id":"https:\/\/kepzes.itk.ppke.hu\/htb\/privacy-policy\/#primaryimage"},"image":{"@id":"https:\/\/kepzes.itk.ppke.hu\/htb\/privacy-policy\/#primaryimage"},"thumbnailUrl":"https:\/\/kepzes.itk.ppke.hu\/htb\/wp-content\/uploads\/sites\/18\/2024\/07\/louis-reed-pwcKF7L4-no-unsplash-1.jpg","datePublished":"2024-08-01T20:59:17+00:00","dateModified":"2024-08-01T21:07:48+00:00","description":"Be at the forefront of modern biology and join our Postgraduate Degree Program (PgCert) in High Throughput Biology. Deepen your understanding of Laboratory Automation, Microscopy, Bioanalytics, Data Science, Genomics, Omics based methods, and Bioinformatics.","breadcrumb":{"@id":"https:\/\/kepzes.itk.ppke.hu\/htb\/privacy-policy\/#breadcrumb"},"inLanguage":"en-US","potentialAction":[{"@type":"ReadAction","target":["https:\/\/kepzes.itk.ppke.hu\/htb\/privacy-policy\/"]}]},{"@type":"ImageObject","inLanguage":"en-US","@id":"https:\/\/kepzes.itk.ppke.hu\/htb\/privacy-policy\/#primaryimage","url":"https:\/\/kepzes.itk.ppke.hu\/htb\/wp-content\/uploads\/sites\/18\/2024\/07\/louis-reed-pwcKF7L4-no-unsplash-1.jpg","contentUrl":"https:\/\/kepzes.itk.ppke.hu\/htb\/wp-content\/uploads\/sites\/18\/2024\/07\/louis-reed-pwcKF7L4-no-unsplash-1.jpg","width":1920,"height":1280},{"@type":"BreadcrumbList","@id":"https:\/\/kepzes.itk.ppke.hu\/htb\/privacy-policy\/#breadcrumb","itemListElement":[{"@type":"ListItem","position":1,"name":"Home","item":"https:\/\/kepzes.itk.ppke.hu\/htb\/"},{"@type":"ListItem","position":2,"name":"Privacy Policy"}]},{"@type":"WebSite","@id":"https:\/\/kepzes.itk.ppke.hu\/htb\/#website","url":"https:\/\/kepzes.itk.ppke.hu\/htb\/","name":"High-Throughput Biology","description":"","publisher":{"@id":"https:\/\/kepzes.itk.ppke.hu\/htb\/#organization"},"potentialAction":[{"@type":"SearchAction","target":{"@type":"EntryPoint","urlTemplate":"https:\/\/kepzes.itk.ppke.hu\/htb\/?s={search_term_string}"},"query-input":"required name=search_term_string"}],"inLanguage":"en-US"},{"@type":"Organization","@id":"https:\/\/kepzes.itk.ppke.hu\/htb\/#organization","name":"High-Throughput Biology","url":"https:\/\/kepzes.itk.ppke.hu\/htb\/","logo":{"@type":"ImageObject","inLanguage":"en-US","@id":"https:\/\/kepzes.itk.ppke.hu\/htb\/#\/schema\/logo\/image\/","url":"https:\/\/kepzes.itk.ppke.hu\/htb\/wp-content\/uploads\/sites\/18\/2025\/05\/cropped-PAZMANY_ITKlogopreview.png","contentUrl":"https:\/\/kepzes.itk.ppke.hu\/htb\/wp-content\/uploads\/sites\/18\/2025\/05\/cropped-PAZMANY_ITKlogopreview.png","width":1076,"height":232,"caption":"High-Throughput Biology"},"image":{"@id":"https:\/\/kepzes.itk.ppke.hu\/htb\/#\/schema\/logo\/image\/"}}]}},"coauthors":[],"author_meta":{"author_link":"https:\/\/kepzes.itk.ppke.hu\/htb\/author\/kami\/","display_name":"kami"},"relative_dates":{"created":"Posted 2 years ago","modified":"Updated 2 years ago"},"absolute_dates":{"created":"Posted on 2024.08.01.","modified":"Updated on 2024.08.01."},"absolute_dates_time":{"created":"Posted on 2024.08.01. 20:59","modified":"Updated on 2024.08.01. 21:07"},"featured_img_caption":"","featured_img":"https:\/\/kepzes.itk.ppke.hu\/htb\/wp-content\/uploads\/sites\/18\/2024\/07\/louis-reed-pwcKF7L4-no-unsplash-1.jpg","series_order":"","_links":{"self":[{"href":"https:\/\/kepzes.itk.ppke.hu\/htb\/wp-json\/wp\/v2\/pages\/264","targetHints":{"allow":["GET"]}}],"collection":[{"href":"https:\/\/kepzes.itk.ppke.hu\/htb\/wp-json\/wp\/v2\/pages"}],"about":[{"href":"https:\/\/kepzes.itk.ppke.hu\/htb\/wp-json\/wp\/v2\/types\/page"}],"author":[{"embeddable":true,"href":"https:\/\/kepzes.itk.ppke.hu\/htb\/wp-json\/wp\/v2\/users\/1"}],"replies":[{"embeddable":true,"href":"https:\/\/kepzes.itk.ppke.hu\/htb\/wp-json\/wp\/v2\/comments?post=264"}],"version-history":[{"count":0,"href":"https:\/\/kepzes.itk.ppke.hu\/htb\/wp-json\/wp\/v2\/pages\/264\/revisions"}],"wp:featuredmedia":[{"embeddable":true,"href":"https:\/\/kepzes.itk.ppke.hu\/htb\/wp-json\/wp\/v2\/media\/87"}],"wp:attachment":[{"href":"https:\/\/kepzes.itk.ppke.hu\/htb\/wp-json\/wp\/v2\/media?parent=264"}],"curies":[{"name":"wp","href":"https:\/\/api.w.org\/{rel}","templated":true}]}}