{"id":1120,"date":"2024-07-31T11:53:55","date_gmt":"2024-07-31T09:53:55","guid":{"rendered":"https:\/\/kepzes.itk.ppke.hu\/biodataanalysis\/?page_id=1120"},"modified":"2024-07-31T12:49:04","modified_gmt":"2024-07-31T10:49:04","slug":"pp","status":"publish","type":"page","link":"https:\/\/kepzes.itk.ppke.hu\/biodataanalysis\/pp\/","title":{"rendered":"Privacy Policy"},"content":{"rendered":"\t\t<div data-elementor-type=\"wp-page\" data-elementor-id=\"1120\" class=\"elementor elementor-1120\">\n\t\t\t\t\t\t<section class=\"elementor-section elementor-top-section elementor-element elementor-element-46e75f9 elementor-section-boxed elementor-section-height-default elementor-section-height-default\" data-id=\"46e75f9\" data-element_type=\"section\" data-settings=\"{&quot;background_background&quot;:&quot;classic&quot;}\">\n\t\t\t\t\t\t<div class=\"elementor-container elementor-column-gap-default\">\n\t\t\t\t\t<div class=\"elementor-column elementor-col-100 elementor-top-column elementor-element elementor-element-6f302d6\" data-id=\"6f302d6\" data-element_type=\"column\">\n\t\t\t<div class=\"elementor-widget-wrap elementor-element-populated\">\n\t\t\t\t\t\t<div class=\"elementor-element elementor-element-ffc4e65 elementor-widget elementor-widget-heading\" data-id=\"ffc4e65\" data-element_type=\"widget\" data-widget_type=\"heading.default\">\n\t\t\t\t<div class=\"elementor-widget-container\">\n\t\t\t<style>\/*! elementor - v3.23.0 - 25-07-2024 *\/\n.elementor-heading-title{padding:0;margin:0;line-height:1}.elementor-widget-heading .elementor-heading-title[class*=elementor-size-]>a{color:inherit;font-size:inherit;line-height:inherit}.elementor-widget-heading .elementor-heading-title.elementor-size-small{font-size:15px}.elementor-widget-heading .elementor-heading-title.elementor-size-medium{font-size:19px}.elementor-widget-heading .elementor-heading-title.elementor-size-large{font-size:29px}.elementor-widget-heading .elementor-heading-title.elementor-size-xl{font-size:39px}.elementor-widget-heading .elementor-heading-title.elementor-size-xxl{font-size:59px}<\/style><h2 class=\"elementor-heading-title elementor-size-default\">Privacy Policy<\/h2>\t\t<\/div>\n\t\t\t\t<\/div>\n\t\t\t\t\t<\/div>\n\t\t<\/div>\n\t\t\t\t\t<\/div>\n\t\t<\/section>\n\t\t\t\t<section class=\"elementor-section elementor-top-section elementor-element elementor-element-c49cd6f elementor-section-boxed elementor-section-height-default elementor-section-height-default\" data-id=\"c49cd6f\" data-element_type=\"section\">\n\t\t\t\t\t\t<div class=\"elementor-container elementor-column-gap-default\">\n\t\t\t\t\t<div class=\"elementor-column elementor-col-100 elementor-top-column elementor-element elementor-element-46b0f0e\" data-id=\"46b0f0e\" data-element_type=\"column\">\n\t\t\t<div class=\"elementor-widget-wrap elementor-element-populated\">\n\t\t\t\t\t\t<div class=\"elementor-element elementor-element-dd1e5a5 elementor-widget elementor-widget-html\" data-id=\"dd1e5a5\" data-element_type=\"widget\" data-widget_type=\"html.default\">\n\t\t\t\t<div class=\"elementor-widget-container\">\n\t\t\t<p>\r\n<b>Data Collection and Use<\/b>: We collect and use the information provided on application form solely for the purposes for registering applications to the program.\r\nAnonymous data is collected to analyze campaign performance. All data is securely stored and not shared with third parties.\r\n<\/p>\r\n\r\n<p>\r\n<b>Your Rights<\/b> <\/p>\r\n\r\n<li>You can request information on the data we process and how it is used.<\/li>\r\n<li>You can request corrections or deletions of your data.<\/li>\r\n<li>You can withdraw your consent for data processing anytime.<\/li>\r\n\r\n<p>\r\n<b>Contact<\/b>: P\u00e1zm\u00e1ny P\u00e9ter Catholic University, Faculy of Information Technology And Bionics<br\/>\r\n<b>Email<\/b>: biodata@itk.ppke.hu\r\n<\/p>\r\n\r\n<p><a href=\"https:\/\/ppke.hu\/en\">Further information<\/a><\/p>\t\t<\/div>\n\t\t\t\t<\/div>\n\t\t\t\t\t<\/div>\n\t\t<\/div>\n\t\t\t\t\t<\/div>\n\t\t<\/section>\n\t\t\t\t<\/div>\n\t\t","protected":false},"excerpt":{"rendered":"<p>Privacy Policy Data Collection and Use: We collect and use the information provided on application form solely for the purposes for registering applications to the program. Anonymous data is collected&#8230;<\/p>\n","protected":false},"author":1,"featured_media":0,"parent":0,"menu_order":0,"comment_status":"closed","ping_status":"closed","template":"elementor_header_footer","meta":{"_eb_attr":"","advgb_blocks_editor_width":"","advgb_blocks_columns_visual_guide":"","_monsterinsights_skip_tracking":false,"_monsterinsights_sitenote_active":false,"_monsterinsights_sitenote_note":"","_monsterinsights_sitenote_category":0,"_uf_show_specific_survey":0,"_uf_disable_surveys":false,"footnotes":""},"class_list":["post-1120","page","type-page","status-publish","hentry"],"yoast_head":"<!-- This site is optimized with the Yoast SEO plugin v23.1 - https:\/\/yoast.com\/wordpress\/plugins\/seo\/ -->\n<title>Privacy Policy - BioData Analysis Post-graduate Certificate<\/title>\n<meta name=\"robots\" content=\"index, follow, max-snippet:-1, max-image-preview:large, max-video-preview:-1\" \/>\n<link rel=\"canonical\" href=\"https:\/\/kepzes.itk.ppke.hu\/biodataanalysis\/pp\/\" \/>\n<meta property=\"og:locale\" content=\"en_US\" \/>\n<meta property=\"og:type\" content=\"article\" \/>\n<meta property=\"og:title\" content=\"Privacy Policy - BioData Analysis Post-graduate Certificate\" \/>\n<meta property=\"og:description\" content=\"Privacy Policy Data Collection and Use: We collect and use the information provided on application form solely for the purposes for registering applications to the program. Anonymous data is collected...\" \/>\n<meta property=\"og:url\" content=\"https:\/\/kepzes.itk.ppke.hu\/biodataanalysis\/pp\/\" \/>\n<meta property=\"og:site_name\" content=\"BioData Analysis Post-graduate Certificate\" \/>\n<meta property=\"article:modified_time\" content=\"2024-07-31T10:49:04+00:00\" \/>\n<meta property=\"og:image\" content=\"https:\/\/kepzes.itk.ppke.hu\/biodataanalysis\/wp-content\/uploads\/sites\/4\/2024\/01\/kepzesek-fooldali-kep-41.png\" \/>\n\t<meta property=\"og:image:width\" content=\"940\" \/>\n\t<meta property=\"og:image:height\" content=\"788\" \/>\n\t<meta property=\"og:image:type\" content=\"image\/png\" \/>\n<meta name=\"twitter:card\" content=\"summary_large_image\" \/>\n<meta name=\"twitter:label1\" content=\"Est. reading time\" \/>\n\t<meta name=\"twitter:data1\" content=\"1 minute\" \/>\n<script type=\"application\/ld+json\" class=\"yoast-schema-graph\">{\"@context\":\"https:\/\/schema.org\",\"@graph\":[{\"@type\":\"WebPage\",\"@id\":\"https:\/\/kepzes.itk.ppke.hu\/biodataanalysis\/pp\/\",\"url\":\"https:\/\/kepzes.itk.ppke.hu\/biodataanalysis\/pp\/\",\"name\":\"Privacy Policy - BioData Analysis Post-graduate Certificate\",\"isPartOf\":{\"@id\":\"https:\/\/kepzes.itk.ppke.hu\/biodataanalysis\/#website\"},\"datePublished\":\"2024-07-31T09:53:55+00:00\",\"dateModified\":\"2024-07-31T10:49:04+00:00\",\"breadcrumb\":{\"@id\":\"https:\/\/kepzes.itk.ppke.hu\/biodataanalysis\/pp\/#breadcrumb\"},\"inLanguage\":\"en-US\",\"potentialAction\":[{\"@type\":\"ReadAction\",\"target\":[\"https:\/\/kepzes.itk.ppke.hu\/biodataanalysis\/pp\/\"]}]},{\"@type\":\"BreadcrumbList\",\"@id\":\"https:\/\/kepzes.itk.ppke.hu\/biodataanalysis\/pp\/#breadcrumb\",\"itemListElement\":[{\"@type\":\"ListItem\",\"position\":1,\"name\":\"Kezd\u0151lap\",\"item\":\"https:\/\/kepzes.itk.ppke.hu\/biodataanalysis\/\"},{\"@type\":\"ListItem\",\"position\":2,\"name\":\"Privacy Policy\"}]},{\"@type\":\"WebSite\",\"@id\":\"https:\/\/kepzes.itk.ppke.hu\/biodataanalysis\/#website\",\"url\":\"https:\/\/kepzes.itk.ppke.hu\/biodataanalysis\/\",\"name\":\"BioData Analysis Post-graduate Certificate\",\"description\":\"Be the indispensable biodata magician in your company!\",\"publisher\":{\"@id\":\"https:\/\/kepzes.itk.ppke.hu\/biodataanalysis\/#organization\"},\"potentialAction\":[{\"@type\":\"SearchAction\",\"target\":{\"@type\":\"EntryPoint\",\"urlTemplate\":\"https:\/\/kepzes.itk.ppke.hu\/biodataanalysis\/?s={search_term_string}\"},\"query-input\":\"required name=search_term_string\"}],\"inLanguage\":\"en-US\"},{\"@type\":\"Organization\",\"@id\":\"https:\/\/kepzes.itk.ppke.hu\/biodataanalysis\/#organization\",\"name\":\"BioData Analysis Post-graduate Certificate\",\"url\":\"https:\/\/kepzes.itk.ppke.hu\/biodataanalysis\/\",\"logo\":{\"@type\":\"ImageObject\",\"inLanguage\":\"en-US\",\"@id\":\"https:\/\/kepzes.itk.ppke.hu\/biodataanalysis\/#\/schema\/logo\/image\/\",\"url\":\"https:\/\/kepzes.itk.ppke.hu\/biodataanalysis\/wp-content\/uploads\/sites\/4\/2023\/08\/BioData_logo_color-white.png\",\"contentUrl\":\"https:\/\/kepzes.itk.ppke.hu\/biodataanalysis\/wp-content\/uploads\/sites\/4\/2023\/08\/BioData_logo_color-white.png\",\"width\":1701,\"height\":607,\"caption\":\"BioData Analysis Post-graduate Certificate\"},\"image\":{\"@id\":\"https:\/\/kepzes.itk.ppke.hu\/biodataanalysis\/#\/schema\/logo\/image\/\"}}]}<\/script>\n<!-- \/ Yoast SEO plugin. -->","yoast_head_json":{"title":"Privacy Policy - BioData Analysis Post-graduate Certificate","robots":{"index":"index","follow":"follow","max-snippet":"max-snippet:-1","max-image-preview":"max-image-preview:large","max-video-preview":"max-video-preview:-1"},"canonical":"https:\/\/kepzes.itk.ppke.hu\/biodataanalysis\/pp\/","og_locale":"en_US","og_type":"article","og_title":"Privacy Policy - BioData Analysis Post-graduate Certificate","og_description":"Privacy Policy Data Collection and Use: We collect and use the information provided on application form solely for the purposes for registering applications to the program. Anonymous data is collected...","og_url":"https:\/\/kepzes.itk.ppke.hu\/biodataanalysis\/pp\/","og_site_name":"BioData Analysis Post-graduate Certificate","article_modified_time":"2024-07-31T10:49:04+00:00","og_image":[{"width":940,"height":788,"url":"https:\/\/kepzes.itk.ppke.hu\/biodataanalysis\/wp-content\/uploads\/sites\/4\/2024\/01\/kepzesek-fooldali-kep-41.png","type":"image\/png"}],"twitter_card":"summary_large_image","twitter_misc":{"Est. reading time":"1 minute"},"schema":{"@context":"https:\/\/schema.org","@graph":[{"@type":"WebPage","@id":"https:\/\/kepzes.itk.ppke.hu\/biodataanalysis\/pp\/","url":"https:\/\/kepzes.itk.ppke.hu\/biodataanalysis\/pp\/","name":"Privacy Policy - BioData Analysis Post-graduate Certificate","isPartOf":{"@id":"https:\/\/kepzes.itk.ppke.hu\/biodataanalysis\/#website"},"datePublished":"2024-07-31T09:53:55+00:00","dateModified":"2024-07-31T10:49:04+00:00","breadcrumb":{"@id":"https:\/\/kepzes.itk.ppke.hu\/biodataanalysis\/pp\/#breadcrumb"},"inLanguage":"en-US","potentialAction":[{"@type":"ReadAction","target":["https:\/\/kepzes.itk.ppke.hu\/biodataanalysis\/pp\/"]}]},{"@type":"BreadcrumbList","@id":"https:\/\/kepzes.itk.ppke.hu\/biodataanalysis\/pp\/#breadcrumb","itemListElement":[{"@type":"ListItem","position":1,"name":"Kezd\u0151lap","item":"https:\/\/kepzes.itk.ppke.hu\/biodataanalysis\/"},{"@type":"ListItem","position":2,"name":"Privacy Policy"}]},{"@type":"WebSite","@id":"https:\/\/kepzes.itk.ppke.hu\/biodataanalysis\/#website","url":"https:\/\/kepzes.itk.ppke.hu\/biodataanalysis\/","name":"BioData Analysis Post-graduate Certificate","description":"Be the indispensable biodata magician in your company!","publisher":{"@id":"https:\/\/kepzes.itk.ppke.hu\/biodataanalysis\/#organization"},"potentialAction":[{"@type":"SearchAction","target":{"@type":"EntryPoint","urlTemplate":"https:\/\/kepzes.itk.ppke.hu\/biodataanalysis\/?s={search_term_string}"},"query-input":"required name=search_term_string"}],"inLanguage":"en-US"},{"@type":"Organization","@id":"https:\/\/kepzes.itk.ppke.hu\/biodataanalysis\/#organization","name":"BioData Analysis Post-graduate Certificate","url":"https:\/\/kepzes.itk.ppke.hu\/biodataanalysis\/","logo":{"@type":"ImageObject","inLanguage":"en-US","@id":"https:\/\/kepzes.itk.ppke.hu\/biodataanalysis\/#\/schema\/logo\/image\/","url":"https:\/\/kepzes.itk.ppke.hu\/biodataanalysis\/wp-content\/uploads\/sites\/4\/2023\/08\/BioData_logo_color-white.png","contentUrl":"https:\/\/kepzes.itk.ppke.hu\/biodataanalysis\/wp-content\/uploads\/sites\/4\/2023\/08\/BioData_logo_color-white.png","width":1701,"height":607,"caption":"BioData Analysis Post-graduate Certificate"},"image":{"@id":"https:\/\/kepzes.itk.ppke.hu\/biodataanalysis\/#\/schema\/logo\/image\/"}}]}},"coauthors":[],"author_meta":{"author_link":"https:\/\/kepzes.itk.ppke.hu\/biodataanalysis\/author\/kami\/","display_name":"kami"},"relative_dates":{"created":"Posted 2 years ago","modified":"Updated 2 years ago"},"absolute_dates":{"created":"Posted on 2024.07.31.","modified":"Updated on 2024.07.31."},"absolute_dates_time":{"created":"Posted on 2024.07.31. 11:53","modified":"Updated on 2024.07.31. 12:49"},"featured_img_caption":"","featured_img":false,"series_order":"","_links":{"self":[{"href":"https:\/\/kepzes.itk.ppke.hu\/biodataanalysis\/wp-json\/wp\/v2\/pages\/1120","targetHints":{"allow":["GET"]}}],"collection":[{"href":"https:\/\/kepzes.itk.ppke.hu\/biodataanalysis\/wp-json\/wp\/v2\/pages"}],"about":[{"href":"https:\/\/kepzes.itk.ppke.hu\/biodataanalysis\/wp-json\/wp\/v2\/types\/page"}],"author":[{"embeddable":true,"href":"https:\/\/kepzes.itk.ppke.hu\/biodataanalysis\/wp-json\/wp\/v2\/users\/1"}],"replies":[{"embeddable":true,"href":"https:\/\/kepzes.itk.ppke.hu\/biodataanalysis\/wp-json\/wp\/v2\/comments?post=1120"}],"version-history":[{"count":0,"href":"https:\/\/kepzes.itk.ppke.hu\/biodataanalysis\/wp-json\/wp\/v2\/pages\/1120\/revisions"}],"wp:attachment":[{"href":"https:\/\/kepzes.itk.ppke.hu\/biodataanalysis\/wp-json\/wp\/v2\/media?parent=1120"}],"curies":[{"name":"wp","href":"https:\/\/api.w.org\/{rel}","templated":true}]}}